{"id":3084,"date":"2021-01-07T19:35:54","date_gmt":"2021-01-07T18:35:54","guid":{"rendered":"https:\/\/www.mdcalzature.com\/versand-und-rueckgabe\/"},"modified":"2021-03-05T19:16:05","modified_gmt":"2021-03-05T18:16:05","slug":"versand-und-rueckgabe","status":"publish","type":"page","link":"https:\/\/www.mdcalzature.com\/de\/versand-und-rueckgabe\/","title":{"rendered":"Versand und R\u00fcckgabe"},"content":{"rendered":"<div class=\"fusion-fullwidth fullwidth-box fusion-builder-row-1 fusion-flex-container nonhundred-percent-fullwidth non-hundred-percent-height-scrolling\" style=\"background-color: rgba(255,255,255,0);background-position: center center;background-repeat: no-repeat;border-width: 0px 0px 0px 0px;border-color:#eae9e9;border-style:solid;\" ><div class=\"fusion-builder-row fusion-row fusion-flex-align-items-flex-start\" style=\"max-width:1352px;margin-left: calc(-4% \/ 2 );margin-right: calc(-4% \/ 2 );\"><div class=\"fusion-layout-column fusion_builder_column fusion-builder-column-0 fusion_builder_column_1_1 1_1 fusion-flex-column\"><div class=\"fusion-column-wrapper fusion-flex-justify-content-flex-start fusion-content-layout-column\" style=\"background-position:left top;background-repeat:no-repeat;-webkit-background-size:cover;-moz-background-size:cover;-o-background-size:cover;background-size:cover;padding: 0px 0px 0px 0px;\"><div class=\"fusion-text fusion-text-1\"><p><strong>SHIPPING<\/strong><\/p>\n<p>Versand per Expresskurier GLS in 2\/3 Arbeitstagen in Italien und 4\/5 Arbeitstagen f\u00fcr Inseln und Europa.<\/p>\n<\/div><div class=\"fusion-text fusion-text-2\"><p><strong>RETURN<\/strong><\/p>\n<p>Die Kosten f\u00fcr den R\u00fcckversand tr\u00e4gt der Kunde.<\/p>\n<p>Wenn Sie aus irgendeinem Grund mit den gekauften Artikeln nicht zufrieden sind, haben Sie 5 Tage Zeit, sie zur\u00fcckzugeben.<\/p>\n<p>F\u00fcr den R\u00fcckgabemodus m\u00fcssen Sie die folgenden Schritte ausf\u00fchren:<\/p>\n<p>Schicken Sie eine E-Mail an info@mdcalzature.com oder wenden Sie sich an die Nummer 3479620889\/3478040740 und geben Sie den Wunsch an, das Paar zu bilden.<\/p>\n<p>Verpacken Sie die Produkte mit der Originalverpackung oder mit einer f\u00fcr den Zweck geeigneten Verpackung mit den gleichen Abmessungseigenschaften.<\/p>\n<p>Schreiben Sie die folgende Adresse auf die Verpackung:<\/p>\n<p>SCHUHWERK MD SNC<br \/>\nVIA S.G.BOSCO 3<br \/>\n39055 LAIVES BZ<br \/>\nITALIEN<\/p>\n<p>Sobald wir das Paket erhalten, werden wir mit der R\u00fcckerstattung fortfahren.<\/p>\n<p>Bitte beachten Sie, dass wir nur R\u00fccksendeantr\u00e4ge akzeptieren, die die folgenden Anforderungen erf\u00fcllen:<\/p>\n<ul>\n<li>dass die Artikel nicht gewaschen oder in irgendeiner Weise benutzt wurden.<\/li>\n<li>Die Artikel sind mit dem Originaletikett versehen und befinden sich im gleichen Zustand wie bei der Auslieferung.<\/li>\n<li>dass die Artikel vollst\u00e4ndig sind (z. B. bei paarweise verpackten Artikeln m\u00fcssen beide Einheiten zur\u00fcckgeschickt werden).<\/li>\n<\/ul>\n<p>Bei Fragen oder Unklarheiten kontaktieren Sie uns bitte unter +39 347 9620889 \/ +39 347 8040740.<\/p>\n<\/div><\/div><style type=\"text\/css\">.fusion-body .fusion-builder-column-0{width:100% !important;margin-top : 5px;margin-bottom : 5px;}.fusion-builder-column-0 > .fusion-column-wrapper {padding-top : 0px !important;padding-right : 0px !important;margin-right : 1.92%;padding-bottom : 0px !important;padding-left : 0px !important;margin-left : 1.92%;}@media only screen and (max-width:1280px) {.fusion-body .fusion-builder-column-0{width:100% !important;order : 0;}.fusion-builder-column-0 > .fusion-column-wrapper {margin-right : 1.92%;margin-left : 1.92%;}}@media only screen and (max-width:1000px) {.fusion-body .fusion-builder-column-0{width:100% !important;order : 0;}.fusion-builder-column-0 > .fusion-column-wrapper {margin-right : 1.92%;margin-left : 1.92%;}}<\/style><\/div><\/div><style type=\"text\/css\">.fusion-body .fusion-flex-container.fusion-builder-row-1{ padding-top : 0px;margin-top : 0px;padding-right : 0px;padding-bottom : 0px;margin-bottom : 0px;padding-left : 0px;}<\/style><\/div>\n","protected":false},"excerpt":{"rendered":"","protected":false},"author":1,"featured_media":0,"parent":0,"menu_order":0,"comment_status":"closed","ping_status":"closed","template":"","meta":{"footnotes":""},"_links":{"self":[{"href":"https:\/\/www.mdcalzature.com\/de\/wp-json\/wp\/v2\/pages\/3084"}],"collection":[{"href":"https:\/\/www.mdcalzature.com\/de\/wp-json\/wp\/v2\/pages"}],"about":[{"href":"https:\/\/www.mdcalzature.com\/de\/wp-json\/wp\/v2\/types\/page"}],"author":[{"embeddable":true,"href":"https:\/\/www.mdcalzature.com\/de\/wp-json\/wp\/v2\/users\/1"}],"replies":[{"embeddable":true,"href":"https:\/\/www.mdcalzature.com\/de\/wp-json\/wp\/v2\/comments?post=3084"}],"version-history":[{"count":2,"href":"https:\/\/www.mdcalzature.com\/de\/wp-json\/wp\/v2\/pages\/3084\/revisions"}],"predecessor-version":[{"id":8292,"href":"https:\/\/www.mdcalzature.com\/de\/wp-json\/wp\/v2\/pages\/3084\/revisions\/8292"}],"wp:attachment":[{"href":"https:\/\/www.mdcalzature.com\/de\/wp-json\/wp\/v2\/media?parent=3084"}],"curies":[{"name":"wp","href":"https:\/\/api.w.org\/{rel}","templated":true}]}}